{"id":280,"date":"2026-02-11T16:19:41","date_gmt":"2026-02-11T15:19:41","guid":{"rendered":"https:\/\/packavenir.com\/?page_id=280"},"modified":"2026-03-20T15:06:59","modified_gmt":"2026-03-20T14:06:59","slug":"conseil","status":"publish","type":"page","link":"https:\/\/packavenir.com\/en\/accueil\/conseil\/","title":{"rendered":"Consulting"},"content":{"rendered":"<div data-aos= \"fade-up\" data-aos-duration=\"400\" data-aos-delay=\"0\" data-aos-easing=\"ease\" data-aos-once=\"true\" class=\"wp-block-uagb-container uagb-block-1f3b1657 alignfull uagb-is-root-container\">\n<div class=\"wp-block-uagb-container uagb-block-d6949895\"><div class=\"yoast-breadcrumbs\"><span><span><a href=\"https:\/\/packavenir.com\/en\/\">Home<\/a><\/span> \u00bb <span><a href=\"https:\/\/packavenir.com\/en\/\">Accueil<\/a><\/span> \u00bb <span class=\"breadcrumb_last\" aria-current=\"page\">Consulting<\/span><\/span><\/div>\n\n\n<h1 class=\"wp-block-heading\" style=\"font-size:clamp(37.821px, 2.364rem + ((1vw - 3.2px) * 2.514), 70px);font-style:normal;font-weight:800;letter-spacing:-2px;line-height:1;text-transform:uppercase\">Consulting<\/h1>\n\n\n\n<p>If you wish to develop efficient, responsible packaging compliant with EU regulations, our consulting expertise will help you transform your ideas into concrete and efficient solutions.<\/p>\n<\/div>\n\n\n\n<div class=\"wp-block-uagb-container uagb-block-f49399a2\">\n<div class=\"wp-block-uagb-image uagb-block-ef3978aa wp-block-uagb-image--layout-default wp-block-uagb-image--effect-static wp-block-uagb-image--align-none\"><figure class=\"wp-block-uagb-image__figure\"><img decoding=\"async\" srcset=\"https:\/\/packavenir.com\/wp-content\/uploads\/2026\/02\/conseil2.webp ,https:\/\/packavenir.com\/wp-content\/uploads\/2026\/02\/conseil2.webp 780w, https:\/\/packavenir.com\/wp-content\/uploads\/2026\/02\/conseil2.webp 360w\" sizes=\"auto, (max-width: 480px) 150px\" src=\"https:\/\/packavenir.com\/wp-content\/uploads\/2026\/02\/conseil2.webp\" alt=\"Personnes entrain de discuter et recevoir des conseils\" class=\"uag-image-499\" width=\"936\" height=\"400\" title=\"conseil2\" loading=\"lazy\" role=\"img\"\/><\/figure><\/div>\n\n\n<\/div>\n<\/div>\n\n\n\n<div data-aos= \"fade-up\" data-aos-duration=\"400\" data-aos-delay=\"0\" data-aos-easing=\"ease\" data-aos-once=\"true\" class=\"wp-block-uagb-container uagb-block-cc48b255 alignfull uagb-is-root-container\">\n<h2 class=\"wp-block-heading\">Diag Pack Analyser and packaging optimization<\/h2>\n\n\n\n<div class=\"wp-block-uagb-container uagb-block-ee100d97\">\n<p>Our Diag Pack strategy  helps you secure and improve your packaging projects : <\/p>\n\n\n\n<div class=\"wp-block-uagb-container uagb-block-8b22d308\">      \n\t\t\t<div class=\"uagb-icon-wrapper uagb-block-3f60ed33\"\n\t\t\tstyle=\"\" >\n\t\t\t\t\t\t\t\t\t<span class=\"uagb-svg-wrapper\" \n\t\t\t\t\t aria-label=\"lightbulb\"\t\t\t\t\ttabindex=\"0\">\t\t\n\t\t\t\t\t\t\t\t\t\t<svg xmlns=\"https:\/\/www.w3.org\/2000\/svg\" viewbox= \"0 0 384 512\" role=\"graphics-symbol\" aria-hidden=\"false\" aria-label=\"\"><path d=\"M112.1 454.3c0 6.297 1.816 12.44 5.284 17.69l17.14 25.69c5.25 7.875 17.17 14.28 26.64 14.28h61.67c9.438 0 21.36-6.401 26.61-14.28l17.08-25.68c2.938-4.438 5.348-12.37 5.348-17.7L272 415.1h-160L112.1 454.3zM191.4 .0132C89.44 .3257 16 82.97 16 175.1c0 44.38 16.44 84.84 43.56 115.8c16.53 18.84 42.34 58.23 52.22 91.45c.0313 .25 .0938 .5166 .125 .7823h160.2c.0313-.2656 .0938-.5166 .125-.7823c9.875-33.22 35.69-72.61 52.22-91.45C351.6 260.8 368 220.4 368 175.1C368 78.61 288.9-.2837 191.4 .0132zM192 96.01c-44.13 0-80 35.89-80 79.1C112 184.8 104.8 192 96 192S80 184.8 80 176c0-61.76 50.25-111.1 112-111.1c8.844 0 16 7.159 16 16S200.8 96.01 192 96.01z\"><\/path><\/svg>\n\t\t\t\t\t\t\t\t\t<\/span>\n\t\t\t\t\t\t\t<\/div>\n\t\t\t\n\n\n<h3 class=\"wp-block-heading\">Audit and Data collection<\/h3>\n\n\n\n<p>Pack specifications, industrial requirements and team support.<\/p>\n<\/div>\n\n\n\n<div class=\"wp-block-uagb-container uagb-block-22a8fdd3\">      \n\t\t\t<div class=\"uagb-icon-wrapper uagb-block-92a05c7e\"\n\t\t\tstyle=\"\" >\n\t\t\t\t\t\t\t\t\t<span class=\"uagb-svg-wrapper\" \n\t\t\t\t\t aria-label=\"flask-vial\"\t\t\t\t\ttabindex=\"0\">\t\t\n\t\t\t\t\t\t\t\t\t\t<svg xmlns=\"https:\/\/www.w3.org\/2000\/svg\" viewbox= \"0 0 640 512\" role=\"graphics-symbol\" aria-hidden=\"false\" aria-label=\"\"><path d=\"M160 442.5C149.1 446.1 139.2 448 128 448C74.98 448 32 405 32 352V64C14.33 64 0 49.67 0 32C0 14.33 14.33 0 32 0H224C241.7 0 256 14.33 256 32C256 49.67 241.7 64 224 64V309.9L175 389.4C165.2 405.4 160 423.8 160 442.5zM96 160H160V64H96V160zM512 0C529.7 0 544 14.33 544 32C544 49.67 529.7 64 512 64V214.9L629.7 406.2C636.4 417.2 640 429.7 640 442.6C640 480.9 608.9 512 570.6 512H261.4C223.1 512 191.1 480.9 191.1 442.6C191.1 429.7 195.6 417.2 202.3 406.2L319.1 214.9V64C302.3 64 287.1 49.67 287.1 32C287.1 14.33 302.3 0 319.1 0L512 0zM384 64V224C384 229.9 382.4 235.7 379.3 240.8L330.5 320H501.5L452.7 240.8C449.6 235.7 448 229.9 448 224V64H384z\"><\/path><\/svg>\n\t\t\t\t\t\t\t\t\t<\/span>\n\t\t\t\t\t\t\t<\/div>\n\t\t\t\n\n\n<h3 class=\"wp-block-heading\">Assessment of the existing processes<\/h3>\n\n\n\n<p>Regulatory compliance analysis and identification of corrective actions.<\/p>\n<\/div>\n\n\n\n<div class=\"wp-block-uagb-container uagb-block-d9a0164a\">      \n\t\t\t<div class=\"uagb-icon-wrapper uagb-block-7c4d7d41\"\n\t\t\tstyle=\"\" >\n\t\t\t\t\t\t\t\t\t<span class=\"uagb-svg-wrapper\" \n\t\t\t\t\t aria-label=\"person-chalkboard\"\t\t\t\t\ttabindex=\"0\">\t\t\n\t\t\t\t\t\t\t\t\t\t<svg xmlns=\"https:\/\/www.w3.org\/2000\/svg\" viewbox= \"0 0 640 512\" role=\"graphics-symbol\" aria-hidden=\"false\" aria-label=\"\"><path d=\"M144 48C144 21.49 165.5 0 192 0C218.5 0 240 21.49 240 48C240 74.51 218.5 96 192 96C165.5 96 144 74.51 144 48zM152 512C134.3 512 120 497.7 120 480V256.9L91.43 304.5C82.33 319.6 62.67 324.5 47.52 315.4C32.37 306.3 27.47 286.7 36.58 271.5L94.85 174.6C112.2 145.7 143.4 128 177.1 128H320V48C320 21.49 341.5 .0003 368 .0003H592C618.5 .0003 640 21.49 640 48V272C640 298.5 618.5 320 592 320H368C341.5 320 320 298.5 320 272V224H384V256H576V64H384V128H400C417.7 128 432 142.3 432 160C432 177.7 417.7 192 400 192H264V480C264 497.7 249.7 512 232 512C214.3 512 200 497.7 200 480V352H184V480C184 497.7 169.7 512 152 512L152 512z\"><\/path><\/svg>\n\t\t\t\t\t\t\t\t\t<\/span>\n\t\t\t\t\t\t\t<\/div>\n\t\t\t\n\n\n<h3 class=\"wp-block-heading\">Personalized strategy<\/h3>\n\n\n\n<p>Specific recommandations on how to meet regulatory compliance while optimizing costs and sustainability.<\/p>\n<\/div>\n<\/div>\n\n\n\n<p>We can take charge of your whole projects or only of specific steps such as defining goals, redacting requirements specifications, searching for solutions, developing, industrial testing and technical documentation.<\/p>\n<\/div>\n\n\n\n<div data-aos= \"fade-up\" data-aos-duration=\"400\" data-aos-delay=\"0\" data-aos-easing=\"ease\" data-aos-once=\"true\" class=\"wp-block-uagb-container uagb-block-a07247ba alignfull uagb-is-root-container\">\n<div class=\"wp-block-uagb-image uagb-block-0302dd1a wp-block-uagb-image--layout-default wp-block-uagb-image--effect-static wp-block-uagb-image--align-none\"><figure class=\"wp-block-uagb-image__figure\"><img decoding=\"async\" srcset=\"https:\/\/packavenir.com\/wp-content\/uploads\/2026\/02\/conseil-1024x576.webp ,https:\/\/packavenir.com\/wp-content\/uploads\/2026\/02\/conseil-1024x576.webp 780w, https:\/\/packavenir.com\/wp-content\/uploads\/2026\/02\/conseil.webp 360w\" sizes=\"auto, (max-width: 480px) 150px\" src=\"https:\/\/packavenir.com\/wp-content\/uploads\/2026\/02\/conseil-1024x576.webp\" alt=\"Personnes qui donnent des conseils autour d'une table\" class=\"uag-image-447\" width=\"1024\" height=\"500\" title=\"conseil\" loading=\"lazy\" role=\"img\"\/><\/figure><\/div>\n\n\n\n<div class=\"wp-block-uagb-container uagb-block-9c00fa62\">\n<h2 class=\"wp-block-heading\">Our recurring projects' goal is twofold<\/h2>\n\n\n\n<div class=\"wp-block-uagb-container uagb-block-e8bd77db\">\n<div class=\"wp-block-group is-nowrap is-layout-flex wp-container-core-group-is-layout-6c531013 wp-block-group-is-layout-flex\">      \n\t\t\t<div class=\"uagb-icon-wrapper uagb-block-d90aa911\"\n\t\t\tstyle=\"\" >\n\t\t\t\t\t\t\t\t\t<span class=\"uagb-svg-wrapper\" \n\t\t\t\t\t aria-label=\"leaf\"\t\t\t\t\ttabindex=\"0\">\t\t\n\t\t\t\t\t\t\t\t\t\t<svg xmlns=\"https:\/\/www.w3.org\/2000\/svg\" viewbox= \"0 0 512 512\" role=\"graphics-symbol\" aria-hidden=\"false\" aria-label=\"\"><path d=\"M512 165.4c0 127.9-70.05 235.3-175.3 270.1c-20.04 7.938-41.83 12.46-64.69 12.46c-64.9 0-125.2-36.51-155.7-94.47c-54.13 49.93-68.71 107-68.96 108.1C44.72 472.6 34.87 480 24.02 480c-1.844 0-3.727-.2187-5.602-.6562c-12.89-3.098-20.84-16.08-17.75-28.96c9.598-39.5 90.47-226.4 335.3-226.4C344.8 224 352 216.8 352 208S344.8 192 336 192C228.6 192 151 226.6 96.29 267.6c.1934-10.82 1.242-21.84 3.535-33.05c13.47-65.81 66.04-119 131.4-134.2c28.33-6.562 55.68-6.013 80.93-.0054c56 13.32 118.2-7.412 149.3-61.24c5.664-9.828 20.02-9.516 24.66 .8282C502.7 76.76 512 121.9 512 165.4z\"><\/path><\/svg>\n\t\t\t\t\t\t\t\t\t<\/span>\n\t\t\t\t\t\t\t<\/div>\n\t\t\t\n\n\n<h3 class=\"wp-block-heading\">To minimize the environmental impact of packaging (CSR benefits)<\/h3>\n<\/div>\n<\/div>\n\n\n\n<div class=\"wp-block-uagb-container uagb-block-7cda8191\">\n<div class=\"wp-block-group is-nowrap is-layout-flex wp-container-core-group-is-layout-6c531013 wp-block-group-is-layout-flex\">      \n\t\t\t<div class=\"uagb-icon-wrapper uagb-block-ad4cb0da\"\n\t\t\tstyle=\"\" >\n\t\t\t\t\t\t\t\t\t<span class=\"uagb-svg-wrapper\" \n\t\t\t\t\t aria-label=\"coins\"\t\t\t\t\ttabindex=\"0\">\t\t\n\t\t\t\t\t\t\t\t\t\t<svg xmlns=\"https:\/\/www.w3.org\/2000\/svg\" viewbox= \"0 0 512 512\" role=\"graphics-symbol\" aria-hidden=\"false\" aria-label=\"\"><path d=\"M512 80C512 98.01 497.7 114.6 473.6 128C444.5 144.1 401.2 155.5 351.3 158.9C347.7 157.2 343.9 155.5 340.1 153.9C300.6 137.4 248.2 128 192 128C183.7 128 175.6 128.2 167.5 128.6L166.4 128C142.3 114.6 128 98.01 128 80C128 35.82 213.1 0 320 0C426 0 512 35.82 512 80V80zM160.7 161.1C170.9 160.4 181.3 160 192 160C254.2 160 309.4 172.3 344.5 191.4C369.3 204.9 384 221.7 384 240C384 243.1 383.3 247.9 381.9 251.7C377.3 264.9 364.1 277 346.9 287.3C346.9 287.3 346.9 287.3 346.9 287.3C346.8 287.3 346.6 287.4 346.5 287.5L346.5 287.5C346.2 287.7 345.9 287.8 345.6 288C310.6 307.4 254.8 320 192 320C132.4 320 79.06 308.7 43.84 290.9C41.97 289.9 40.15 288.1 38.39 288C14.28 274.6 0 258 0 240C0 205.2 53.43 175.5 128 164.6C138.5 163 149.4 161.8 160.7 161.1L160.7 161.1zM391.9 186.6C420.2 182.2 446.1 175.2 468.1 166.1C484.4 159.3 499.5 150.9 512 140.6V176C512 195.3 495.5 213.1 468.2 226.9C453.5 234.3 435.8 240.5 415.8 245.3C415.9 243.6 416 241.8 416 240C416 218.1 405.4 200.1 391.9 186.6V186.6zM384 336C384 354 369.7 370.6 345.6 384C343.8 384.1 342 385.9 340.2 386.9C304.9 404.7 251.6 416 192 416C129.2 416 73.42 403.4 38.39 384C14.28 370.6 .0003 354 .0003 336V300.6C12.45 310.9 27.62 319.3 43.93 326.1C83.44 342.6 135.8 352 192 352C248.2 352 300.6 342.6 340.1 326.1C347.9 322.9 355.4 319.2 362.5 315.2C368.6 311.8 374.3 308 379.7 304C381.2 302.9 382.6 301.7 384 300.6L384 336zM416 278.1C434.1 273.1 452.5 268.6 468.1 262.1C484.4 255.3 499.5 246.9 512 236.6V272C512 282.5 507 293 497.1 302.9C480.8 319.2 452.1 332.6 415.8 341.3C415.9 339.6 416 337.8 416 336V278.1zM192 448C248.2 448 300.6 438.6 340.1 422.1C356.4 415.3 371.5 406.9 384 396.6V432C384 476.2 298 512 192 512C85.96 512 .0003 476.2 .0003 432V396.6C12.45 406.9 27.62 415.3 43.93 422.1C83.44 438.6 135.8 448 192 448z\"><\/path><\/svg>\n\t\t\t\t\t\t\t\t\t<\/span>\n\t\t\t\t\t\t\t<\/div>\n\t\t\t\n\n\n<h3 class=\"wp-block-heading\">To save money (DTV benefits)<\/h3>\n<\/div>\n<\/div>\n\n\n\n<p>To this end, we implemented a work methodology approved by actors from the pharmaceutical and cosmetics industries.<\/p>\n<\/div>\n<\/div>\n\n\n\n<div data-aos= \"fade-up\" data-aos-duration=\"400\" data-aos-delay=\"0\" data-aos-easing=\"ease\" data-aos-once=\"true\" class=\"wp-block-uagb-container uagb-block-bc3e176a alignfull uagb-is-root-container\">\n<h2 class=\"wp-block-heading has-text-align-center\">Do you want to know more ?<\/h2>\n\n\n\n<p class=\"has-text-align-center\">Discover our methods and services in our brochure. Please contact us to get a quote : <a href=\"mailto:l.nicoux@esepac.com\">l.nicoux@esepac.com<\/a> !<\/p>\n\n\n\n<div class=\"wp-block-uagb-buttons uagb-buttons__outer-wrap uagb-btn__default-btn uagb-btn-tablet__default-btn uagb-btn-mobile__default-btn uagb-block-f84a7ccf\"><div class=\"uagb-buttons__wrap uagb-buttons-layout-wrap\">\n<div class=\"wp-block-uagb-buttons-child uagb-buttons__outer-wrap uagb-block-bacf37b8 wp-block-button\"><div class=\"uagb-button__wrapper\"><a class=\"uagb-buttons-repeater wp-block-button__link\" aria-label=\"\" href=\"https:\/\/www.calameo.com\/read\/00785465700270d2ecdb3\" rel=\"follow noopener\" target=\"_blank\" role=\"button\"><div class=\"uagb-button__link\">Brochure<\/div><\/a><\/div><\/div>\n<\/div><\/div>\n<\/div>","protected":false},"excerpt":{"rendered":"<p>Conseil Vous souhaitez d\u00e9velopper des emballages performants, responsables et conformes aux r\u00e9glementations europ\u00e9ennes ? Notre expertise en conseil vous accompagne dans vos projets packaging pour transformer vos id\u00e9es en solutions concr\u00e8tes et efficaces. Diag Pack Analyser et optimiser vos emballages Notre approche Diag Pack vous aide \u00e0 s\u00e9curiser et am\u00e9liorer vos projets packaging : Audit [&hellip;]<\/p>\n","protected":false},"author":1,"featured_media":0,"parent":5,"menu_order":10,"comment_status":"closed","ping_status":"closed","template":"","meta":{"_uag_custom_page_level_css":"","footnotes":""},"class_list":["post-280","page","type-page","status-publish","hentry"],"blocksy_meta":[],"yoast_head":"<!-- This site is optimized with the Yoast SEO plugin v27.3 - https:\/\/yoast.com\/product\/yoast-seo-wordpress\/ -->\n<title>Conseil - packavenir.com<\/title>\n<meta name=\"description\" content=\"Conseil en packaging avec Pack Avenir : analyse, optimisation et accompagnement pour des emballages performants, responsables et conformes.\" \/>\n<meta name=\"robots\" content=\"index, follow, max-snippet:-1, max-image-preview:large, max-video-preview:-1\" \/>\n<link rel=\"canonical\" href=\"https:\/\/packavenir.com\/en\/accueil\/conseil\/\" \/>\n<meta property=\"og:locale\" content=\"en_US\" \/>\n<meta property=\"og:type\" content=\"article\" \/>\n<meta property=\"og:title\" content=\"Conseil - packavenir.com\" \/>\n<meta property=\"og:description\" content=\"Conseil en packaging avec Pack Avenir : analyse, optimisation et accompagnement pour des emballages performants, responsables et conformes.\" \/>\n<meta property=\"og:url\" content=\"https:\/\/packavenir.com\/en\/accueil\/conseil\/\" \/>\n<meta property=\"og:site_name\" content=\"packavenir.com\" \/>\n<meta property=\"article:modified_time\" content=\"2026-03-20T14:06:59+00:00\" \/>\n<meta property=\"og:image\" content=\"https:\/\/packavenir.com\/wp-content\/uploads\/2026\/02\/conseil2.webp\" \/>\n<meta name=\"twitter:card\" content=\"summary_large_image\" \/>\n<meta name=\"twitter:label1\" content=\"Est. reading time\" \/>\n\t<meta name=\"twitter:data1\" content=\"2 minutes\" \/>\n<script type=\"application\/ld+json\" class=\"yoast-schema-graph\">{\"@context\":\"https:\\\/\\\/schema.org\",\"@graph\":[{\"@type\":\"WebPage\",\"@id\":\"https:\\\/\\\/packavenir.com\\\/accueil\\\/conseil\\\/\",\"url\":\"https:\\\/\\\/packavenir.com\\\/accueil\\\/conseil\\\/\",\"name\":\"Conseil - packavenir.com\",\"isPartOf\":{\"@id\":\"https:\\\/\\\/packavenir.com\\\/#website\"},\"primaryImageOfPage\":{\"@id\":\"https:\\\/\\\/packavenir.com\\\/accueil\\\/conseil\\\/#primaryimage\"},\"image\":{\"@id\":\"https:\\\/\\\/packavenir.com\\\/accueil\\\/conseil\\\/#primaryimage\"},\"thumbnailUrl\":\"https:\\\/\\\/packavenir.com\\\/wp-content\\\/uploads\\\/2026\\\/02\\\/conseil2.webp\",\"datePublished\":\"2026-02-11T15:19:41+00:00\",\"dateModified\":\"2026-03-20T14:06:59+00:00\",\"description\":\"Conseil en packaging avec Pack Avenir : analyse, optimisation et accompagnement pour des emballages performants, responsables et conformes.\",\"breadcrumb\":{\"@id\":\"https:\\\/\\\/packavenir.com\\\/accueil\\\/conseil\\\/#breadcrumb\"},\"inLanguage\":\"en-US\",\"potentialAction\":[{\"@type\":\"ReadAction\",\"target\":[\"https:\\\/\\\/packavenir.com\\\/accueil\\\/conseil\\\/\"]}]},{\"@type\":\"ImageObject\",\"inLanguage\":\"en-US\",\"@id\":\"https:\\\/\\\/packavenir.com\\\/accueil\\\/conseil\\\/#primaryimage\",\"url\":\"https:\\\/\\\/packavenir.com\\\/wp-content\\\/uploads\\\/2026\\\/02\\\/conseil2.webp\",\"contentUrl\":\"https:\\\/\\\/packavenir.com\\\/wp-content\\\/uploads\\\/2026\\\/02\\\/conseil2.webp\"},{\"@type\":\"BreadcrumbList\",\"@id\":\"https:\\\/\\\/packavenir.com\\\/accueil\\\/conseil\\\/#breadcrumb\",\"itemListElement\":[{\"@type\":\"ListItem\",\"position\":1,\"name\":\"Home\",\"item\":\"https:\\\/\\\/packavenir.com\\\/\"},{\"@type\":\"ListItem\",\"position\":2,\"name\":\"Accueil\",\"item\":\"https:\\\/\\\/packavenir.com\\\/\"},{\"@type\":\"ListItem\",\"position\":3,\"name\":\"Conseil\"}]},{\"@type\":\"WebSite\",\"@id\":\"https:\\\/\\\/packavenir.com\\\/#website\",\"url\":\"https:\\\/\\\/packavenir.com\\\/\",\"name\":\"packavenir.com\",\"description\":\"\",\"publisher\":{\"@id\":\"https:\\\/\\\/packavenir.com\\\/#organization\"},\"potentialAction\":[{\"@type\":\"SearchAction\",\"target\":{\"@type\":\"EntryPoint\",\"urlTemplate\":\"https:\\\/\\\/packavenir.com\\\/?s={search_term_string}\"},\"query-input\":{\"@type\":\"PropertyValueSpecification\",\"valueRequired\":true,\"valueName\":\"search_term_string\"}}],\"inLanguage\":\"en-US\"},{\"@type\":\"Organization\",\"@id\":\"https:\\\/\\\/packavenir.com\\\/#organization\",\"name\":\"packavenir.com\",\"url\":\"https:\\\/\\\/packavenir.com\\\/\",\"logo\":{\"@type\":\"ImageObject\",\"inLanguage\":\"en-US\",\"@id\":\"https:\\\/\\\/packavenir.com\\\/#\\\/schema\\\/logo\\\/image\\\/\",\"url\":\"https:\\\/\\\/packavenir.com\\\/wp-content\\\/uploads\\\/2026\\\/02\\\/logo-pack-avenir.webp\",\"contentUrl\":\"https:\\\/\\\/packavenir.com\\\/wp-content\\\/uploads\\\/2026\\\/02\\\/logo-pack-avenir.webp\",\"width\":1600,\"height\":578,\"caption\":\"packavenir.com\"},\"image\":{\"@id\":\"https:\\\/\\\/packavenir.com\\\/#\\\/schema\\\/logo\\\/image\\\/\"}}]}<\/script>\n<!-- \/ Yoast SEO plugin. -->","yoast_head_json":{"title":"Conseil - packavenir.com","description":"Conseil en packaging avec Pack Avenir : analyse, optimisation et accompagnement pour des emballages performants, responsables et conformes.","robots":{"index":"index","follow":"follow","max-snippet":"max-snippet:-1","max-image-preview":"max-image-preview:large","max-video-preview":"max-video-preview:-1"},"canonical":"https:\/\/packavenir.com\/en\/accueil\/conseil\/","og_locale":"en_US","og_type":"article","og_title":"Conseil - packavenir.com","og_description":"Conseil en packaging avec Pack Avenir : analyse, optimisation et accompagnement pour des emballages performants, responsables et conformes.","og_url":"https:\/\/packavenir.com\/en\/accueil\/conseil\/","og_site_name":"packavenir.com","article_modified_time":"2026-03-20T14:06:59+00:00","og_image":[{"url":"https:\/\/packavenir.com\/wp-content\/uploads\/2026\/02\/conseil2.webp","type":"","width":"","height":""}],"twitter_card":"summary_large_image","twitter_misc":{"Est. reading time":"2 minutes"},"schema":{"@context":"https:\/\/schema.org","@graph":[{"@type":"WebPage","@id":"https:\/\/packavenir.com\/accueil\/conseil\/","url":"https:\/\/packavenir.com\/accueil\/conseil\/","name":"Conseil - packavenir.com","isPartOf":{"@id":"https:\/\/packavenir.com\/#website"},"primaryImageOfPage":{"@id":"https:\/\/packavenir.com\/accueil\/conseil\/#primaryimage"},"image":{"@id":"https:\/\/packavenir.com\/accueil\/conseil\/#primaryimage"},"thumbnailUrl":"https:\/\/packavenir.com\/wp-content\/uploads\/2026\/02\/conseil2.webp","datePublished":"2026-02-11T15:19:41+00:00","dateModified":"2026-03-20T14:06:59+00:00","description":"Conseil en packaging avec Pack Avenir : analyse, optimisation et accompagnement pour des emballages performants, responsables et conformes.","breadcrumb":{"@id":"https:\/\/packavenir.com\/accueil\/conseil\/#breadcrumb"},"inLanguage":"en-US","potentialAction":[{"@type":"ReadAction","target":["https:\/\/packavenir.com\/accueil\/conseil\/"]}]},{"@type":"ImageObject","inLanguage":"en-US","@id":"https:\/\/packavenir.com\/accueil\/conseil\/#primaryimage","url":"https:\/\/packavenir.com\/wp-content\/uploads\/2026\/02\/conseil2.webp","contentUrl":"https:\/\/packavenir.com\/wp-content\/uploads\/2026\/02\/conseil2.webp"},{"@type":"BreadcrumbList","@id":"https:\/\/packavenir.com\/accueil\/conseil\/#breadcrumb","itemListElement":[{"@type":"ListItem","position":1,"name":"Home","item":"https:\/\/packavenir.com\/"},{"@type":"ListItem","position":2,"name":"Accueil","item":"https:\/\/packavenir.com\/"},{"@type":"ListItem","position":3,"name":"Conseil"}]},{"@type":"WebSite","@id":"https:\/\/packavenir.com\/#website","url":"https:\/\/packavenir.com\/","name":"packavenir.com","description":"","publisher":{"@id":"https:\/\/packavenir.com\/#organization"},"potentialAction":[{"@type":"SearchAction","target":{"@type":"EntryPoint","urlTemplate":"https:\/\/packavenir.com\/?s={search_term_string}"},"query-input":{"@type":"PropertyValueSpecification","valueRequired":true,"valueName":"search_term_string"}}],"inLanguage":"en-US"},{"@type":"Organization","@id":"https:\/\/packavenir.com\/#organization","name":"packavenir.com","url":"https:\/\/packavenir.com\/","logo":{"@type":"ImageObject","inLanguage":"en-US","@id":"https:\/\/packavenir.com\/#\/schema\/logo\/image\/","url":"https:\/\/packavenir.com\/wp-content\/uploads\/2026\/02\/logo-pack-avenir.webp","contentUrl":"https:\/\/packavenir.com\/wp-content\/uploads\/2026\/02\/logo-pack-avenir.webp","width":1600,"height":578,"caption":"packavenir.com"},"image":{"@id":"https:\/\/packavenir.com\/#\/schema\/logo\/image\/"}}]}},"uagb_featured_image_src":{"full":false,"thumbnail":false,"medium":false,"medium_large":false,"large":false,"1536x1536":false,"2048x2048":false,"trp-custom-language-flag":false},"uagb_author_info":{"display_name":"esepac.esepac@gmail.com","author_link":"https:\/\/packavenir.com\/en\/author\/esepac-esepacgmail-com\/"},"uagb_comment_info":0,"uagb_excerpt":"Conseil Vous souhaitez d\u00e9velopper des emballages performants, responsables et conformes aux r\u00e9glementations europ\u00e9ennes ? Notre expertise en conseil vous accompagne dans vos projets packaging pour transformer vos id\u00e9es en solutions concr\u00e8tes et efficaces. Diag Pack Analyser et optimiser vos emballages Notre approche Diag Pack vous aide \u00e0 s\u00e9curiser et am\u00e9liorer vos projets packaging : Audit&hellip;","_links":{"self":[{"href":"https:\/\/packavenir.com\/en\/wp-json\/wp\/v2\/pages\/280","targetHints":{"allow":["GET"]}}],"collection":[{"href":"https:\/\/packavenir.com\/en\/wp-json\/wp\/v2\/pages"}],"about":[{"href":"https:\/\/packavenir.com\/en\/wp-json\/wp\/v2\/types\/page"}],"author":[{"embeddable":true,"href":"https:\/\/packavenir.com\/en\/wp-json\/wp\/v2\/users\/1"}],"replies":[{"embeddable":true,"href":"https:\/\/packavenir.com\/en\/wp-json\/wp\/v2\/comments?post=280"}],"version-history":[{"count":69,"href":"https:\/\/packavenir.com\/en\/wp-json\/wp\/v2\/pages\/280\/revisions"}],"predecessor-version":[{"id":818,"href":"https:\/\/packavenir.com\/en\/wp-json\/wp\/v2\/pages\/280\/revisions\/818"}],"up":[{"embeddable":true,"href":"https:\/\/packavenir.com\/en\/wp-json\/wp\/v2\/pages\/5"}],"wp:attachment":[{"href":"https:\/\/packavenir.com\/en\/wp-json\/wp\/v2\/media?parent=280"}],"curies":[{"name":"wp","href":"https:\/\/api.w.org\/{rel}","templated":true}]}}