{"id":292,"date":"2026-02-12T16:11:01","date_gmt":"2026-02-12T15:11:01","guid":{"rendered":"https:\/\/packavenir.com\/?page_id=292"},"modified":"2026-03-20T15:06:14","modified_gmt":"2026-03-20T14:06:14","slug":"formation","status":"publish","type":"page","link":"https:\/\/packavenir.com\/en\/accueil\/formation\/","title":{"rendered":"Continuing education"},"content":{"rendered":"<div data-aos= \"fade-up\" data-aos-duration=\"400\" data-aos-delay=\"0\" data-aos-easing=\"ease\" data-aos-once=\"true\" class=\"wp-block-uagb-container uagb-block-df78f66c alignfull uagb-is-root-container\">\n<div class=\"wp-block-group is-nowrap is-layout-flex wp-container-core-group-is-layout-6c531013 wp-block-group-is-layout-flex\">\n<div class=\"wp-block-uagb-container uagb-block-5dfa48f0\"><div class=\"yoast-breadcrumbs\"><span><span><a href=\"https:\/\/packavenir.com\/en\/\">Home<\/a><\/span> \u00bb <span><a href=\"https:\/\/packavenir.com\/en\/\">Accueil<\/a><\/span> \u00bb <span class=\"breadcrumb_last\" aria-current=\"page\">Continuing education<\/span><\/span><\/div>\n\n\n<h1 class=\"wp-block-heading\" style=\"font-size:clamp(37.821px, 2.364rem + ((1vw - 3.2px) * 2.514), 70px);font-style:normal;font-weight:800;letter-spacing:-2px;line-height:1;text-transform:uppercase\">Continuing education<\/h1>\n\n\n\n<p>Pack Avenir helps packaging professionals improve their skills through custom continuing education solutions. Qualiopi certified, we offer training courses eligible to OPCO financing, designed to address the industry's current issues.<\/p>\n\n\n\n<div class=\"wp-block-uagb-image aligncenter uagb-block-9b6a4add wp-block-uagb-image--layout-default wp-block-uagb-image--effect-static wp-block-uagb-image--align-center\"><figure class=\"wp-block-uagb-image__figure\"><img decoding=\"async\" srcset=\"https:\/\/packavenir.com\/wp-content\/uploads\/2026\/03\/LogoQualiopi-AvecMarianne_1-300x145.png ,https:\/\/packavenir.com\/wp-content\/uploads\/2026\/03\/LogoQualiopi-AvecMarianne_1.png 780w, https:\/\/packavenir.com\/wp-content\/uploads\/2026\/03\/LogoQualiopi-AvecMarianne_1.png 360w\" sizes=\"auto, (max-width: 480px) 150px\" src=\"https:\/\/packavenir.com\/wp-content\/uploads\/2026\/03\/LogoQualiopi-AvecMarianne_1-300x145.png\" alt=\"\" class=\"uag-image-780\" width=\"300\" height=\"145\" title=\"LogoQualiopi-AvecMarianne_1\" loading=\"lazy\" role=\"img\"\/><\/figure><\/div>\n\n\n\n<p class=\"has-text-align-left\">Notre organisme est certifi\u00e9 Qualiopi au titre de la cat\u00e9gorie : actions de formation.<br>Cette certification atteste de la qualit\u00e9 des processus mis en \u0153uvre pour nos actions de formation et permet une prise en charge par les OPCO. <\/p>\n<\/div>\n<\/div>\n\n\n\n<div class=\"wp-block-uagb-image uagb-block-5938b66f wp-block-uagb-image--layout-default wp-block-uagb-image--effect-static wp-block-uagb-image--align-none\"><figure class=\"wp-block-uagb-image__figure\"><img decoding=\"async\" srcset=\"https:\/\/packavenir.com\/wp-content\/uploads\/2026\/02\/formation-continue.webp ,https:\/\/packavenir.com\/wp-content\/uploads\/2026\/02\/formation-continue.webp 780w, https:\/\/packavenir.com\/wp-content\/uploads\/2026\/02\/formation-continue.webp 360w\" sizes=\"auto, (max-width: 480px) 150px\" src=\"https:\/\/packavenir.com\/wp-content\/uploads\/2026\/02\/formation-continue.webp\" alt=\"Personnes qui sont en formation\" class=\"uag-image-448\" width=\"938\" height=\"650\" title=\"formation-continue\" loading=\"lazy\" role=\"img\"\/><\/figure><\/div>\n<\/div>\n\n\n\n<div data-aos= \"fade-up\" data-aos-duration=\"400\" data-aos-delay=\"0\" data-aos-easing=\"ease\" data-aos-once=\"true\" class=\"wp-block-uagb-container uagb-block-a2423f67 alignfull uagb-is-root-container\">\n<div class=\"wp-block-uagb-image uagb-block-5422581f wp-block-uagb-image--layout-default wp-block-uagb-image--effect-static wp-block-uagb-image--align-none\"><figure class=\"wp-block-uagb-image__figure\"><img decoding=\"async\" srcset=\"https:\/\/packavenir.com\/wp-content\/uploads\/2026\/03\/formation-pack.webp ,https:\/\/packavenir.com\/wp-content\/uploads\/2026\/03\/formation-pack.webp 780w, https:\/\/packavenir.com\/wp-content\/uploads\/2026\/03\/formation-pack.webp 360w\" sizes=\"auto, (max-width: 480px) 150px\" src=\"https:\/\/packavenir.com\/wp-content\/uploads\/2026\/03\/formation-pack.webp\" alt=\"formation r\u00e9alis\u00e9 par pack avenir\" class=\"uag-image-768\" width=\"938\" height=\"349\" title=\"formation-pack\" loading=\"lazy\" role=\"img\"\/><\/figure><\/div>\n\n\n\n<div class=\"wp-block-uagb-container uagb-block-e898dc1e\">\n<h2 class=\"wp-block-heading\">Evolve thanks to personalised courses<\/h2>\n\n\n\n<p>Whether through inter-compagny, in-compagny or customised training sessions, our training courses will be tailored to your needs, your requirements and your operational goals. <br>Our team is here to guide you through each step to strenghen your expertise and streamline your processes. <\/p>\n<\/div>\n<\/div>\n\n\n\n<div data-aos= \"fade-up\" data-aos-duration=\"400\" data-aos-delay=\"0\" data-aos-easing=\"ease\" data-aos-once=\"true\" class=\"wp-block-uagb-container uagb-block-bc3e176a alignfull uagb-is-root-container\">\n<h2 class=\"wp-block-heading has-text-align-center\">Do you want to know more ?<\/h2>\n\n\n\n<p class=\"has-text-align-center\">Discover our methods and services in our brochure. Please contact us to get a quote : <a href=\"mailto:l.nicoux@esepac.com\">l.nicoux@esepac.com<\/a> !<\/p>\n\n\n\n<div class=\"wp-block-uagb-buttons uagb-buttons__outer-wrap uagb-btn__default-btn uagb-btn-tablet__default-btn uagb-btn-mobile__default-btn uagb-block-f84a7ccf\"><div class=\"uagb-buttons__wrap uagb-buttons-layout-wrap\">\n<div class=\"wp-block-uagb-buttons-child uagb-buttons__outer-wrap uagb-block-bacf37b8 wp-block-button\"><div class=\"uagb-button__wrapper\"><a class=\"uagb-buttons-repeater wp-block-button__link\" aria-label=\"\" href=\"https:\/\/www.calameo.com\/books\/0078546575c537d0d7c61\" rel=\"follow noopener\" target=\"_blank\" role=\"button\"><div class=\"uagb-button__link\">Brochure<\/div><\/a><\/div><\/div>\n<\/div><\/div>\n<\/div>","protected":false},"excerpt":{"rendered":"<p>Formation continue Pack Avenir accompagne les professionnels du packaging dans le d\u00e9veloppement de leurs comp\u00e9tences gr\u00e2ce \u00e0 des solutions de formation continue adapt\u00e9es. Organisme certifi\u00e9 Qualiopi, nous proposons des formations \u00e9ligibles aux financements OPCO, con\u00e7ues pour r\u00e9pondre aux enjeux actuels du secteur. Notre organisme est certifi\u00e9 Qualiopi au titre de la cat\u00e9gorie : actions de [&hellip;]<\/p>\n","protected":false},"author":1,"featured_media":0,"parent":5,"menu_order":30,"comment_status":"closed","ping_status":"closed","template":"","meta":{"_uag_custom_page_level_css":"","footnotes":""},"class_list":["post-292","page","type-page","status-publish","hentry"],"blocksy_meta":[],"yoast_head":"<!-- This site is optimized with the Yoast SEO plugin v27.3 - https:\/\/yoast.com\/product\/yoast-seo-wordpress\/ -->\n<title>Formation continue - packavenir.com<\/title>\n<meta name=\"description\" content=\"Formation continue en packaging avec Pack Avenir : certifi\u00e9 Qualiopi, pour d\u00e9velopper les comp\u00e9tences des professionnels.\" \/>\n<meta name=\"robots\" content=\"index, follow, max-snippet:-1, max-image-preview:large, max-video-preview:-1\" \/>\n<link rel=\"canonical\" href=\"https:\/\/packavenir.com\/en\/accueil\/formation\/\" \/>\n<meta property=\"og:locale\" content=\"en_US\" \/>\n<meta property=\"og:type\" content=\"article\" \/>\n<meta property=\"og:title\" content=\"Formation continue - packavenir.com\" \/>\n<meta property=\"og:description\" content=\"Formation continue en packaging avec Pack Avenir : certifi\u00e9 Qualiopi, pour d\u00e9velopper les comp\u00e9tences des professionnels.\" \/>\n<meta property=\"og:url\" content=\"https:\/\/packavenir.com\/en\/accueil\/formation\/\" \/>\n<meta property=\"og:site_name\" content=\"packavenir.com\" \/>\n<meta property=\"article:modified_time\" content=\"2026-03-20T14:06:14+00:00\" \/>\n<meta property=\"og:image\" content=\"https:\/\/packavenir.com\/wp-content\/uploads\/2026\/03\/LogoQualiopi-AvecMarianne_1-300x145.png\" \/>\n<meta name=\"twitter:card\" content=\"summary_large_image\" \/>\n<meta name=\"twitter:label1\" content=\"Est. reading time\" \/>\n\t<meta name=\"twitter:data1\" content=\"2 minutes\" \/>\n<script type=\"application\/ld+json\" class=\"yoast-schema-graph\">{\"@context\":\"https:\\\/\\\/schema.org\",\"@graph\":[{\"@type\":\"WebPage\",\"@id\":\"https:\\\/\\\/packavenir.com\\\/accueil\\\/formation\\\/\",\"url\":\"https:\\\/\\\/packavenir.com\\\/accueil\\\/formation\\\/\",\"name\":\"Formation continue - packavenir.com\",\"isPartOf\":{\"@id\":\"https:\\\/\\\/packavenir.com\\\/#website\"},\"primaryImageOfPage\":{\"@id\":\"https:\\\/\\\/packavenir.com\\\/accueil\\\/formation\\\/#primaryimage\"},\"image\":{\"@id\":\"https:\\\/\\\/packavenir.com\\\/accueil\\\/formation\\\/#primaryimage\"},\"thumbnailUrl\":\"https:\\\/\\\/packavenir.com\\\/wp-content\\\/uploads\\\/2026\\\/03\\\/LogoQualiopi-AvecMarianne_1-300x145.png\",\"datePublished\":\"2026-02-12T15:11:01+00:00\",\"dateModified\":\"2026-03-20T14:06:14+00:00\",\"description\":\"Formation continue en packaging avec Pack Avenir : certifi\u00e9 Qualiopi, pour d\u00e9velopper les comp\u00e9tences des professionnels.\",\"breadcrumb\":{\"@id\":\"https:\\\/\\\/packavenir.com\\\/accueil\\\/formation\\\/#breadcrumb\"},\"inLanguage\":\"en-US\",\"potentialAction\":[{\"@type\":\"ReadAction\",\"target\":[\"https:\\\/\\\/packavenir.com\\\/accueil\\\/formation\\\/\"]}]},{\"@type\":\"ImageObject\",\"inLanguage\":\"en-US\",\"@id\":\"https:\\\/\\\/packavenir.com\\\/accueil\\\/formation\\\/#primaryimage\",\"url\":\"https:\\\/\\\/packavenir.com\\\/wp-content\\\/uploads\\\/2026\\\/03\\\/LogoQualiopi-AvecMarianne_1-300x145.png\",\"contentUrl\":\"https:\\\/\\\/packavenir.com\\\/wp-content\\\/uploads\\\/2026\\\/03\\\/LogoQualiopi-AvecMarianne_1-300x145.png\"},{\"@type\":\"BreadcrumbList\",\"@id\":\"https:\\\/\\\/packavenir.com\\\/accueil\\\/formation\\\/#breadcrumb\",\"itemListElement\":[{\"@type\":\"ListItem\",\"position\":1,\"name\":\"Home\",\"item\":\"https:\\\/\\\/packavenir.com\\\/\"},{\"@type\":\"ListItem\",\"position\":2,\"name\":\"Accueil\",\"item\":\"https:\\\/\\\/packavenir.com\\\/\"},{\"@type\":\"ListItem\",\"position\":3,\"name\":\"Formation continue\"}]},{\"@type\":\"WebSite\",\"@id\":\"https:\\\/\\\/packavenir.com\\\/#website\",\"url\":\"https:\\\/\\\/packavenir.com\\\/\",\"name\":\"packavenir.com\",\"description\":\"\",\"publisher\":{\"@id\":\"https:\\\/\\\/packavenir.com\\\/#organization\"},\"potentialAction\":[{\"@type\":\"SearchAction\",\"target\":{\"@type\":\"EntryPoint\",\"urlTemplate\":\"https:\\\/\\\/packavenir.com\\\/?s={search_term_string}\"},\"query-input\":{\"@type\":\"PropertyValueSpecification\",\"valueRequired\":true,\"valueName\":\"search_term_string\"}}],\"inLanguage\":\"en-US\"},{\"@type\":\"Organization\",\"@id\":\"https:\\\/\\\/packavenir.com\\\/#organization\",\"name\":\"packavenir.com\",\"url\":\"https:\\\/\\\/packavenir.com\\\/\",\"logo\":{\"@type\":\"ImageObject\",\"inLanguage\":\"en-US\",\"@id\":\"https:\\\/\\\/packavenir.com\\\/#\\\/schema\\\/logo\\\/image\\\/\",\"url\":\"https:\\\/\\\/packavenir.com\\\/wp-content\\\/uploads\\\/2026\\\/02\\\/logo-pack-avenir.webp\",\"contentUrl\":\"https:\\\/\\\/packavenir.com\\\/wp-content\\\/uploads\\\/2026\\\/02\\\/logo-pack-avenir.webp\",\"width\":1600,\"height\":578,\"caption\":\"packavenir.com\"},\"image\":{\"@id\":\"https:\\\/\\\/packavenir.com\\\/#\\\/schema\\\/logo\\\/image\\\/\"}}]}<\/script>\n<!-- \/ Yoast SEO plugin. -->","yoast_head_json":{"title":"Formation continue - packavenir.com","description":"Formation continue en packaging avec Pack Avenir : certifi\u00e9 Qualiopi, pour d\u00e9velopper les comp\u00e9tences des professionnels.","robots":{"index":"index","follow":"follow","max-snippet":"max-snippet:-1","max-image-preview":"max-image-preview:large","max-video-preview":"max-video-preview:-1"},"canonical":"https:\/\/packavenir.com\/en\/accueil\/formation\/","og_locale":"en_US","og_type":"article","og_title":"Formation continue - packavenir.com","og_description":"Formation continue en packaging avec Pack Avenir : certifi\u00e9 Qualiopi, pour d\u00e9velopper les comp\u00e9tences des professionnels.","og_url":"https:\/\/packavenir.com\/en\/accueil\/formation\/","og_site_name":"packavenir.com","article_modified_time":"2026-03-20T14:06:14+00:00","og_image":[{"url":"https:\/\/packavenir.com\/wp-content\/uploads\/2026\/03\/LogoQualiopi-AvecMarianne_1-300x145.png","type":"","width":"","height":""}],"twitter_card":"summary_large_image","twitter_misc":{"Est. reading time":"2 minutes"},"schema":{"@context":"https:\/\/schema.org","@graph":[{"@type":"WebPage","@id":"https:\/\/packavenir.com\/accueil\/formation\/","url":"https:\/\/packavenir.com\/accueil\/formation\/","name":"Formation continue - packavenir.com","isPartOf":{"@id":"https:\/\/packavenir.com\/#website"},"primaryImageOfPage":{"@id":"https:\/\/packavenir.com\/accueil\/formation\/#primaryimage"},"image":{"@id":"https:\/\/packavenir.com\/accueil\/formation\/#primaryimage"},"thumbnailUrl":"https:\/\/packavenir.com\/wp-content\/uploads\/2026\/03\/LogoQualiopi-AvecMarianne_1-300x145.png","datePublished":"2026-02-12T15:11:01+00:00","dateModified":"2026-03-20T14:06:14+00:00","description":"Formation continue en packaging avec Pack Avenir : certifi\u00e9 Qualiopi, pour d\u00e9velopper les comp\u00e9tences des professionnels.","breadcrumb":{"@id":"https:\/\/packavenir.com\/accueil\/formation\/#breadcrumb"},"inLanguage":"en-US","potentialAction":[{"@type":"ReadAction","target":["https:\/\/packavenir.com\/accueil\/formation\/"]}]},{"@type":"ImageObject","inLanguage":"en-US","@id":"https:\/\/packavenir.com\/accueil\/formation\/#primaryimage","url":"https:\/\/packavenir.com\/wp-content\/uploads\/2026\/03\/LogoQualiopi-AvecMarianne_1-300x145.png","contentUrl":"https:\/\/packavenir.com\/wp-content\/uploads\/2026\/03\/LogoQualiopi-AvecMarianne_1-300x145.png"},{"@type":"BreadcrumbList","@id":"https:\/\/packavenir.com\/accueil\/formation\/#breadcrumb","itemListElement":[{"@type":"ListItem","position":1,"name":"Home","item":"https:\/\/packavenir.com\/"},{"@type":"ListItem","position":2,"name":"Accueil","item":"https:\/\/packavenir.com\/"},{"@type":"ListItem","position":3,"name":"Formation continue"}]},{"@type":"WebSite","@id":"https:\/\/packavenir.com\/#website","url":"https:\/\/packavenir.com\/","name":"packavenir.com","description":"","publisher":{"@id":"https:\/\/packavenir.com\/#organization"},"potentialAction":[{"@type":"SearchAction","target":{"@type":"EntryPoint","urlTemplate":"https:\/\/packavenir.com\/?s={search_term_string}"},"query-input":{"@type":"PropertyValueSpecification","valueRequired":true,"valueName":"search_term_string"}}],"inLanguage":"en-US"},{"@type":"Organization","@id":"https:\/\/packavenir.com\/#organization","name":"packavenir.com","url":"https:\/\/packavenir.com\/","logo":{"@type":"ImageObject","inLanguage":"en-US","@id":"https:\/\/packavenir.com\/#\/schema\/logo\/image\/","url":"https:\/\/packavenir.com\/wp-content\/uploads\/2026\/02\/logo-pack-avenir.webp","contentUrl":"https:\/\/packavenir.com\/wp-content\/uploads\/2026\/02\/logo-pack-avenir.webp","width":1600,"height":578,"caption":"packavenir.com"},"image":{"@id":"https:\/\/packavenir.com\/#\/schema\/logo\/image\/"}}]}},"uagb_featured_image_src":{"full":false,"thumbnail":false,"medium":false,"medium_large":false,"large":false,"1536x1536":false,"2048x2048":false,"trp-custom-language-flag":false},"uagb_author_info":{"display_name":"esepac.esepac@gmail.com","author_link":"https:\/\/packavenir.com\/en\/author\/esepac-esepacgmail-com\/"},"uagb_comment_info":0,"uagb_excerpt":"Formation continue Pack Avenir accompagne les professionnels du packaging dans le d\u00e9veloppement de leurs comp\u00e9tences gr\u00e2ce \u00e0 des solutions de formation continue adapt\u00e9es. Organisme certifi\u00e9 Qualiopi, nous proposons des formations \u00e9ligibles aux financements OPCO, con\u00e7ues pour r\u00e9pondre aux enjeux actuels du secteur. Notre organisme est certifi\u00e9 Qualiopi au titre de la cat\u00e9gorie : actions de&hellip;","_links":{"self":[{"href":"https:\/\/packavenir.com\/en\/wp-json\/wp\/v2\/pages\/292","targetHints":{"allow":["GET"]}}],"collection":[{"href":"https:\/\/packavenir.com\/en\/wp-json\/wp\/v2\/pages"}],"about":[{"href":"https:\/\/packavenir.com\/en\/wp-json\/wp\/v2\/types\/page"}],"author":[{"embeddable":true,"href":"https:\/\/packavenir.com\/en\/wp-json\/wp\/v2\/users\/1"}],"replies":[{"embeddable":true,"href":"https:\/\/packavenir.com\/en\/wp-json\/wp\/v2\/comments?post=292"}],"version-history":[{"count":36,"href":"https:\/\/packavenir.com\/en\/wp-json\/wp\/v2\/pages\/292\/revisions"}],"predecessor-version":[{"id":820,"href":"https:\/\/packavenir.com\/en\/wp-json\/wp\/v2\/pages\/292\/revisions\/820"}],"up":[{"embeddable":true,"href":"https:\/\/packavenir.com\/en\/wp-json\/wp\/v2\/pages\/5"}],"wp:attachment":[{"href":"https:\/\/packavenir.com\/en\/wp-json\/wp\/v2\/media?parent=292"}],"curies":[{"name":"wp","href":"https:\/\/api.w.org\/{rel}","templated":true}]}}